{"id":465,"date":"2023-02-14T11:35:06","date_gmt":"2023-02-14T11:35:06","guid":{"rendered":"http:\/\/waclawgolonka.pl\/?page_id=465"},"modified":"2023-03-05T18:24:26","modified_gmt":"2023-03-05T18:24:26","slug":"home-2","status":"publish","type":"page","link":"http:\/\/waclawgolonka.pl\/index.php\/de\/home-2\/","title":{"rendered":"Home"},"content":{"rendered":"\t\t<div data-elementor-type=\"wp-page\" data-elementor-id=\"465\" class=\"elementor elementor-465\">\n\t\t\t\t\t\t\t\t\t<section class=\"elementor-section elementor-top-section elementor-element elementor-element-03774ad elementor-section-full_width elementor-section-height-default elementor-section-height-default\" data-id=\"03774ad\" data-element_type=\"section\" data-settings=\"{&quot;_ha_eqh_enable&quot;:false}\">\n\t\t\t\t\t\t<div class=\"elementor-container elementor-column-gap-no\">\n\t\t\t\t\t<div class=\"elementor-column elementor-col-100 elementor-top-column elementor-element elementor-element-60dd9c4\" data-id=\"60dd9c4\" data-element_type=\"column\">\n\t\t\t<div class=\"elementor-widget-wrap elementor-element-populated\">\n\t\t\t\t\t\t\t\t<div class=\"elementor-element elementor-element-019b2f0 elementor-widget elementor-widget-ha-slider happy-addon ha-slider\" data-id=\"019b2f0\" data-element_type=\"widget\" data-settings=\"{&quot;autoplay_speed&quot;:4000,&quot;animation_speed&quot;:300,&quot;autoplay&quot;:&quot;yes&quot;,&quot;loop&quot;:&quot;yes&quot;,&quot;navigation&quot;:&quot;arrow&quot;}\" data-widget_type=\"ha-slider.default\">\n\t\t\t\t<div class=\"elementor-widget-container\">\n\t\t\t\n\t\t<div class=\"hajs-slick ha-slick ha-slick--slider\">\n\n\t\t\t\n\t\t\t\t<div class=\"ha-slick-slide slick-slide\">\n\t\t\t\t\t<div class=\"ha-slick-item\">\n\t\t\t\t\t\t\t\t\t\t\t\t\t<img decoding=\"async\" class=\"ha-slick-img\" src=\"http:\/\/waclawgolonka.pl\/wp-content\/uploads\/2022\/03\/fot.-Wojciech-Mateusiak-37-of-41-2048x1367.jpg\" alt=\"\">\n\t\t\t\t\t\t\n\t\t\t\t\t\t\t\t\t\t\t\t\t<div class=\"ha-slick-content\">\n\t\t\t\t\t\t\t\t\t\t\t\t\t\t\t\t\t\t\t\t\t\t\t\t\t<p class=\"ha-slick-subtitle\">fot. Wojciech Mateusiak<\/p>\n\t\t\t\t\t\t\t\t\t\t\t\t\t\t\t<\/div>\n\t\t\t\t\t\t\t\t\t\t\t<\/div>\n\t\t\t\t<\/div>\n\n\t\t\t\n\t\t\t\t<div class=\"ha-slick-slide slick-slide\">\n\t\t\t\t\t<div class=\"ha-slick-item\">\n\t\t\t\t\t\t\t\t\t\t\t\t\t<img decoding=\"async\" class=\"ha-slick-img\" src=\"http:\/\/waclawgolonka.pl\/wp-content\/uploads\/2022\/03\/fot.-Wojciech-Mateusiak-35-of-41-2048x1367.jpg\" alt=\"\">\n\t\t\t\t\t\t\n\t\t\t\t\t\t\t\t\t\t\t\t\t<div class=\"ha-slick-content\">\n\t\t\t\t\t\t\t\t\t\t\t\t\t\t\t\t\t\t\t\t\t\t\t\t\t<p class=\"ha-slick-subtitle\">fot. Wojciech Mateusiak<\/p>\n\t\t\t\t\t\t\t\t\t\t\t\t\t\t\t<\/div>\n\t\t\t\t\t\t\t\t\t\t\t<\/div>\n\t\t\t\t<\/div>\n\n\t\t\t\n\t\t\t\t<div class=\"ha-slick-slide slick-slide\">\n\t\t\t\t\t<div class=\"ha-slick-item\">\n\t\t\t\t\t\t\t\t\t\t\t\t\t<img decoding=\"async\" class=\"ha-slick-img\" src=\"http:\/\/waclawgolonka.pl\/wp-content\/uploads\/2022\/03\/fot.-Wojciech-Mateusiak-30-of-41-2048x1367.jpg\" alt=\"\">\n\t\t\t\t\t\t\n\t\t\t\t\t\t\t\t\t\t\t<\/div>\n\t\t\t\t<\/div>\n\n\t\t\t\n\t\t<\/div>\n\n\t\t\t\t\t<button type=\"button\" class=\"slick-prev\"><i aria-hidden=\"true\" class=\"fas fa-chevron-left\"><\/i><\/button>\n\t\t\n\t\t\t\t\t<button type=\"button\" class=\"slick-next\"><i aria-hidden=\"true\" class=\"fas fa-chevron-right\"><\/i><\/button>\n\t\t\n\t\t\t\t<\/div>\n\t\t\t\t<\/div>\n\t\t\t\t\t<\/div>\n\t\t<\/div>\n\t\t\t\t\t\t\t<\/div>\n\t\t<\/section>\n\t\t\t\t<section class=\"elementor-section elementor-top-section elementor-element elementor-element-9iq29hy elementor-section-boxed elementor-section-height-default elementor-section-height-default\" data-id=\"9iq29hy\" data-element_type=\"section\" id=\"aboutus\" data-settings=\"{&quot;background_background&quot;:&quot;classic&quot;,&quot;_ha_eqh_enable&quot;:false}\">\n\t\t\t\t\t\t<div class=\"elementor-container elementor-column-gap-no\">\n\t\t\t\t\t<div class=\"elementor-column elementor-col-100 elementor-top-column elementor-element elementor-element-cb92e3c\" data-id=\"cb92e3c\" data-element_type=\"column\">\n\t\t\t<div class=\"elementor-widget-wrap elementor-element-populated\">\n\t\t\t\t\t\t\t\t<div class=\"elementor-element elementor-element-483d438 elementor-widget elementor-widget-heading\" data-id=\"483d438\" data-element_type=\"widget\" data-widget_type=\"heading.default\">\n\t\t\t\t<div class=\"elementor-widget-container\">\n\t\t\t<style>\/*! elementor - v3.10.2 - 29-01-2023 *\/\n.elementor-heading-title{padding:0;margin:0;line-height:1}.elementor-widget-heading .elementor-heading-title[class*=elementor-size-]>a{color:inherit;font-size:inherit;line-height:inherit}.elementor-widget-heading .elementor-heading-title.elementor-size-small{font-size:15px}.elementor-widget-heading .elementor-heading-title.elementor-size-medium{font-size:19px}.elementor-widget-heading .elementor-heading-title.elementor-size-large{font-size:29px}.elementor-widget-heading .elementor-heading-title.elementor-size-xl{font-size:39px}.elementor-widget-heading .elementor-heading-title.elementor-size-xxl{font-size:59px}<\/style><h2 class=\"elementor-heading-title elementor-size-default\">Neue Klangr\u00e4ume<\/h2>\t\t<\/div>\n\t\t\t\t<\/div>\n\t\t\t\t<div class=\"elementor-element elementor-element-275c525 elementor-widget elementor-widget-text-editor\" data-id=\"275c525\" data-element_type=\"widget\" data-widget_type=\"text-editor.default\">\n\t\t\t\t<div class=\"elementor-widget-container\">\n\t\t\t<style>\/*! elementor - v3.10.2 - 29-01-2023 *\/\n.elementor-widget-text-editor.elementor-drop-cap-view-stacked .elementor-drop-cap{background-color:#818a91;color:#fff}.elementor-widget-text-editor.elementor-drop-cap-view-framed .elementor-drop-cap{color:#818a91;border:3px solid;background-color:transparent}.elementor-widget-text-editor:not(.elementor-drop-cap-view-default) .elementor-drop-cap{margin-top:8px}.elementor-widget-text-editor:not(.elementor-drop-cap-view-default) .elementor-drop-cap-letter{width:1em;height:1em}.elementor-widget-text-editor .elementor-drop-cap{float:left;text-align:center;line-height:1;font-size:50px}.elementor-widget-text-editor .elementor-drop-cap-letter{display:inline-block}<\/style>\t\t\t\t<p style=\"text-align: justify; line-height: 150%;\"><span style=\"font-size: 11.0pt; mso-bidi-font-size: 12.0pt; line-height: 150%; font-family: 'Calibri',sans-serif;\">Neue Klangr\u00e4ume werden durch drei scheinbar entfernte Instrumente verbunden: Orgel, Klarinette, Hang. Die scheinbar unvereinbaren Instrumente erschaffen eine originelle Welt, in der jedes der Instrumente seinen eigenen Weg geht und gleichzeitig einen Klangorganismus schafft, der den Zuh\u00f6rer in neue Klangr\u00e4ume entf\u00fchrt.<\/span><\/p>\t\t\t\t\t\t<\/div>\n\t\t\t\t<\/div>\n\t\t\t\t<div class=\"elementor-element elementor-element-2afaecf elementor-align-justify elementor-widget elementor-widget-button\" data-id=\"2afaecf\" data-element_type=\"widget\" data-widget_type=\"button.default\">\n\t\t\t\t<div class=\"elementor-widget-container\">\n\t\t\t\t\t<div class=\"elementor-button-wrapper\">\n\t\t\t<a href=\"http:\/\/wojciechkwiatek.pl\/przestrzenie-brzmieniowe\/\" class=\"elementor-button-link elementor-button elementor-size-sm\" role=\"button\">\n\t\t\t\t\t\t<span class=\"elementor-button-content-wrapper\">\n\t\t\t\t\t\t<span class=\"elementor-button-text\">Neue Klangr\u00e4ume<\/span>\n\t\t<\/span>\n\t\t\t\t\t<\/a>\n\t\t<\/div>\n\t\t\t\t<\/div>\n\t\t\t\t<\/div>\n\t\t\t\t<div class=\"elementor-element elementor-element-c50c9b5 elementor-aspect-ratio-169 elementor-widget elementor-widget-video\" data-id=\"c50c9b5\" data-element_type=\"widget\" data-settings=\"{&quot;youtube_url&quot;:&quot;https:\\\/\\\/www.youtube.com\\\/watch?v=fP1UChm0Br4&amp;embeds_euri=http%3A%2F%2Fwojciechkwiatek.pl%2F&amp;embeds_origin=http%3A%2F%2Fwojciechkwiatek.pl&amp;feature=emb_imp_woyt&quot;,&quot;video_type&quot;:&quot;youtube&quot;,&quot;controls&quot;:&quot;yes&quot;,&quot;aspect_ratio&quot;:&quot;169&quot;}\" data-widget_type=\"video.default\">\n\t\t\t\t<div class=\"elementor-widget-container\">\n\t\t\t<style>\/*! elementor - v3.10.2 - 29-01-2023 *\/\n.elementor-widget-video .elementor-widget-container{overflow:hidden;transform:translateZ(0)}.elementor-widget-video .elementor-open-inline .elementor-custom-embed-image-overlay{position:absolute;top:0;left:0;width:100%;height:100%;background-size:cover;background-position:50%}.elementor-widget-video .elementor-custom-embed-image-overlay{cursor:pointer;text-align:center}.elementor-widget-video .elementor-custom-embed-image-overlay:hover .elementor-custom-embed-play i{opacity:1}.elementor-widget-video .elementor-custom-embed-image-overlay img{display:block;width:100%}.elementor-widget-video .e-hosted-video .elementor-video{-o-object-fit:cover;object-fit:cover}.e-con-inner>.elementor-widget-video,.e-con>.elementor-widget-video{width:var(--container-widget-width);--flex-grow:var(--container-widget-flex-grow)}<\/style>\t\t<div class=\"elementor-wrapper elementor-fit-aspect-ratio elementor-open-inline\">\n\t\t\t<div class=\"elementor-video\"><\/div>\t\t<\/div>\n\t\t\t\t<\/div>\n\t\t\t\t<\/div>\n\t\t\t\t<div class=\"elementor-element elementor-element-dfac906 elementor-widget elementor-widget-heading\" data-id=\"dfac906\" data-element_type=\"widget\" data-widget_type=\"heading.default\">\n\t\t\t\t<div class=\"elementor-widget-container\">\n\t\t\t<h2 class=\"elementor-heading-title elementor-size-default\">Unbekannte Lieder des Landkreises Bierun-L\u0119dziny\nund der Woiwodschaft Schlesien<\/h2>\t\t<\/div>\n\t\t\t\t<\/div>\n\t\t\t\t<div class=\"elementor-element elementor-element-a1462da elementor-widget elementor-widget-text-editor\" data-id=\"a1462da\" data-element_type=\"widget\" data-widget_type=\"text-editor.default\">\n\t\t\t\t<div class=\"elementor-widget-container\">\n\t\t\t\t\t\t\t<p style=\"text-align: justify; line-height: 150%;\"><span style=\"font-family: Calibri, sans-serif;\"><span style=\"font-size: 14.6667px;\">Das Projekt wurde in den Jahren 2016-2020 in drei Stufen im Rahmen des Stipendiums des Marschalls der Woiwodschaft Schlesien entwickelt. Zun\u00e4chst wurden Lieder gesammelt, die in keinem Liederbuch erschienen sind, sondern nur in einzelnen Kirchengemeinden gesungen wurden, aus denen sie stammen. Dann wurden die Lieder harmonisiert und Einleitungen und Postludien hinzugef\u00fcgt. Sp\u00e4ter wurde die Sammlung bearbeitet und ver\u00f6ffentlicht. Die letzte Etappe war die Aufnahme einer CD mit dem Titel: In honorem Sancti Valentini, auf der 13 der 27 in der Sammlung enthaltenen Lieder aufgenommen wurden. Die Lieder werden von Marcin Wolak gesungen und begleitet vom Autor der Postludien.<\/span><\/span><\/p>\t\t\t\t\t\t<\/div>\n\t\t\t\t<\/div>\n\t\t\t\t<div class=\"elementor-element elementor-element-0024051 elementor-align-justify elementor-widget elementor-widget-button\" data-id=\"0024051\" data-element_type=\"widget\" data-widget_type=\"button.default\">\n\t\t\t\t<div class=\"elementor-widget-container\">\n\t\t\t\t\t<div class=\"elementor-button-wrapper\">\n\t\t\t<a href=\"https:\/\/open.spotify.com\/album\/2p34qwurLUZJgeAEGigKDG\" class=\"elementor-button-link elementor-button elementor-size-sm\" role=\"button\">\n\t\t\t\t\t\t<span class=\"elementor-button-content-wrapper\">\n\t\t\t\t\t\t<span class=\"elementor-button-text\">H\u00f6ren Sie sich auf Spotify an<\/span>\n\t\t<\/span>\n\t\t\t\t\t<\/a>\n\t\t<\/div>\n\t\t\t\t<\/div>\n\t\t\t\t<\/div>\n\t\t\t\t<div class=\"elementor-element elementor-element-0972919 elementor-widget elementor-widget-image\" data-id=\"0972919\" data-element_type=\"widget\" data-widget_type=\"image.default\">\n\t\t\t\t<div class=\"elementor-widget-container\">\n\t\t\t<style>\/*! elementor - v3.10.2 - 29-01-2023 *\/\n.elementor-widget-image{text-align:center}.elementor-widget-image a{display:inline-block}.elementor-widget-image a img[src$=\".svg\"]{width:48px}.elementor-widget-image img{vertical-align:middle;display:inline-block}<\/style>\t\t\t\t\t\t\t\t\t\t\t\t<img decoding=\"async\" width=\"1993\" height=\"1329\" src=\"http:\/\/waclawgolonka.pl\/wp-content\/uploads\/2022\/05\/273642065_4281909691909748_3335222879305168508_n.jpg\" class=\"attachment-full size-full wp-image-208\" alt=\"\" loading=\"lazy\" srcset=\"http:\/\/waclawgolonka.pl\/wp-content\/uploads\/2022\/05\/273642065_4281909691909748_3335222879305168508_n.jpg 1993w, http:\/\/waclawgolonka.pl\/wp-content\/uploads\/2022\/05\/273642065_4281909691909748_3335222879305168508_n-300x200.jpg 300w, http:\/\/waclawgolonka.pl\/wp-content\/uploads\/2022\/05\/273642065_4281909691909748_3335222879305168508_n-1024x683.jpg 1024w, http:\/\/waclawgolonka.pl\/wp-content\/uploads\/2022\/05\/273642065_4281909691909748_3335222879305168508_n-768x512.jpg 768w, http:\/\/waclawgolonka.pl\/wp-content\/uploads\/2022\/05\/273642065_4281909691909748_3335222879305168508_n-1536x1024.jpg 1536w\" sizes=\"(max-width: 1993px) 100vw, 1993px\" \/>\t\t\t\t\t\t\t\t\t\t\t\t\t\t\t<\/div>\n\t\t\t\t<\/div>\n\t\t\t\t<div class=\"elementor-element elementor-element-e5064c9 elementor-widget elementor-widget-heading\" data-id=\"e5064c9\" data-element_type=\"widget\" data-widget_type=\"heading.default\">\n\t\t\t\t<div class=\"elementor-widget-container\">\n\t\t\t<h2 class=\"elementor-heading-title elementor-size-default\">Orgel des Bielsko-Bia\u0142a<\/h2>\t\t<\/div>\n\t\t\t\t<\/div>\n\t\t\t\t<div class=\"elementor-element elementor-element-dea3107 elementor-widget elementor-widget-text-editor\" data-id=\"dea3107\" data-element_type=\"widget\" data-widget_type=\"text-editor.default\">\n\t\t\t\t<div class=\"elementor-widget-container\">\n\t\t\t\t\t\t\t<p>Dies ist eine Karte der wertvollsten Instrumente der Stadt, ihrer Geschichte, ihres technischen Zustands, ihres k\u00fcnstlerischen und liturgischen Werts. Dieser Artikel ist im Rahmen des Bielsko-Bia\u0142a-Stipendiums im Bereich Kultur und Kunst entstanden.<\/p>\t\t\t\t\t\t<\/div>\n\t\t\t\t<\/div>\n\t\t\t\t<div class=\"elementor-element elementor-element-821da82 elementor-align-justify elementor-widget elementor-widget-button\" data-id=\"821da82\" data-element_type=\"widget\" data-widget_type=\"button.default\">\n\t\t\t\t<div class=\"elementor-widget-container\">\n\t\t\t\t\t<div class=\"elementor-button-wrapper\">\n\t\t\t<a href=\"http:\/\/waclawgolonka.pl\/wp-content\/uploads\/2023\/03\/Organy-Bielska-Bialej-Waclaw-Golonka.pdf\" class=\"elementor-button-link elementor-button elementor-size-sm\" role=\"button\">\n\t\t\t\t\t\t<span class=\"elementor-button-content-wrapper\">\n\t\t\t\t\t\t<span class=\"elementor-button-text\">Bielsko-Bia\u0142a-Orgel herunterladen<\/span>\n\t\t<\/span>\n\t\t\t\t\t<\/a>\n\t\t<\/div>\n\t\t\t\t<\/div>\n\t\t\t\t<\/div>\n\t\t\t\t<div class=\"elementor-element elementor-element-b66abd9 elementor-widget elementor-widget-image\" data-id=\"b66abd9\" data-element_type=\"widget\" data-widget_type=\"image.default\">\n\t\t\t\t<div class=\"elementor-widget-container\">\n\t\t\t\t\t\t\t\t\t\t\t\t\t\t\t<img decoding=\"async\" width=\"6016\" height=\"4016\" src=\"http:\/\/waclawgolonka.pl\/wp-content\/uploads\/2022\/03\/fot.-Wojciech-Mateusiak-39-of-41.jpg\" class=\"attachment-full size-full wp-image-40\" alt=\"\" loading=\"lazy\" srcset=\"http:\/\/waclawgolonka.pl\/wp-content\/uploads\/2022\/03\/fot.-Wojciech-Mateusiak-39-of-41.jpg 6016w, http:\/\/waclawgolonka.pl\/wp-content\/uploads\/2022\/03\/fot.-Wojciech-Mateusiak-39-of-41-300x200.jpg 300w, http:\/\/waclawgolonka.pl\/wp-content\/uploads\/2022\/03\/fot.-Wojciech-Mateusiak-39-of-41-1024x684.jpg 1024w, http:\/\/waclawgolonka.pl\/wp-content\/uploads\/2022\/03\/fot.-Wojciech-Mateusiak-39-of-41-768x513.jpg 768w, http:\/\/waclawgolonka.pl\/wp-content\/uploads\/2022\/03\/fot.-Wojciech-Mateusiak-39-of-41-1536x1025.jpg 1536w, http:\/\/waclawgolonka.pl\/wp-content\/uploads\/2022\/03\/fot.-Wojciech-Mateusiak-39-of-41-2048x1367.jpg 2048w\" sizes=\"(max-width: 6016px) 100vw, 6016px\" \/>\t\t\t\t\t\t\t\t\t\t\t\t\t\t\t<\/div>\n\t\t\t\t<\/div>\n\t\t\t\t\t<\/div>\n\t\t<\/div>\n\t\t\t\t\t\t\t<\/div>\n\t\t<\/section>\n\t\t\t\t\t\t\t<\/div>\n\t\t","protected":false},"excerpt":{"rendered":"<p>fot. Wojciech Mateusiak fot. Wojciech Mateusiak Neue Klangr\u00e4ume Neue Klangr\u00e4ume werden durch drei scheinbar entfernte Instrumente verbunden: Orgel, Klarinette, Hang. Die scheinbar unvereinbaren Instrumente erschaffen eine originelle Welt, in der jedes der Instrumente seinen eigenen Weg geht und gleichzeitig einen Klangorganismus schafft, der den Zuh\u00f6rer in neue Klangr\u00e4ume entf\u00fchrt. Neue Klangr\u00e4ume Unbekannte Lieder des Landkreises &hellip;<\/p>\n<p class=\"read-more\"> <a class=\"\" href=\"http:\/\/waclawgolonka.pl\/index.php\/de\/home-2\/\"> <span class=\"screen-reader-text\">Home<\/span> Read More &raquo;<\/a><\/p>\n","protected":false},"author":1,"featured_media":0,"parent":0,"menu_order":0,"comment_status":"closed","ping_status":"closed","template":"elementor_header_footer","meta":{"site-sidebar-layout":"no-sidebar","site-content-layout":"page-builder","ast-global-header-display":"","ast-main-header-display":"","ast-hfb-above-header-display":"","ast-hfb-below-header-display":"","ast-hfb-mobile-header-display":"","site-post-title":"disabled","ast-breadcrumbs-content":"","ast-featured-img":"disabled","footer-sml-layout":"","theme-transparent-header-meta":"","adv-header-id-meta":"","stick-header-meta":"","header-above-stick-meta":"","header-main-stick-meta":"","header-below-stick-meta":""},"_links":{"self":[{"href":"http:\/\/waclawgolonka.pl\/index.php\/wp-json\/wp\/v2\/pages\/465"}],"collection":[{"href":"http:\/\/waclawgolonka.pl\/index.php\/wp-json\/wp\/v2\/pages"}],"about":[{"href":"http:\/\/waclawgolonka.pl\/index.php\/wp-json\/wp\/v2\/types\/page"}],"author":[{"embeddable":true,"href":"http:\/\/waclawgolonka.pl\/index.php\/wp-json\/wp\/v2\/users\/1"}],"replies":[{"embeddable":true,"href":"http:\/\/waclawgolonka.pl\/index.php\/wp-json\/wp\/v2\/comments?post=465"}],"version-history":[{"count":39,"href":"http:\/\/waclawgolonka.pl\/index.php\/wp-json\/wp\/v2\/pages\/465\/revisions"}],"predecessor-version":[{"id":629,"href":"http:\/\/waclawgolonka.pl\/index.php\/wp-json\/wp\/v2\/pages\/465\/revisions\/629"}],"wp:attachment":[{"href":"http:\/\/waclawgolonka.pl\/index.php\/wp-json\/wp\/v2\/media?parent=465"}],"curies":[{"name":"wp","href":"https:\/\/api.w.org\/{rel}","templated":true}]}}