{"id":485,"date":"2023-02-15T11:15:33","date_gmt":"2023-02-15T11:15:33","guid":{"rendered":"http:\/\/waclawgolonka.pl\/?page_id=485"},"modified":"2023-03-05T18:22:14","modified_gmt":"2023-03-05T18:22:14","slug":"vi","status":"publish","type":"page","link":"http:\/\/waclawgolonka.pl\/index.php\/de\/vi\/","title":{"rendered":"Lebenslauf"},"content":{"rendered":"\t\t<div data-elementor-type=\"wp-page\" data-elementor-id=\"485\" class=\"elementor elementor-485\">\n\t\t\t\t\t\t\t\t\t<section class=\"elementor-section elementor-top-section elementor-element elementor-element-15e640b elementor-section-boxed elementor-section-height-default elementor-section-height-default\" data-id=\"15e640b\" data-element_type=\"section\" data-settings=\"{&quot;_ha_eqh_enable&quot;:false}\">\n\t\t\t\t\t\t<div class=\"elementor-container elementor-column-gap-default\">\n\t\t\t\t\t<div class=\"elementor-column elementor-col-33 elementor-top-column elementor-element elementor-element-9b2f25f\" data-id=\"9b2f25f\" data-element_type=\"column\">\n\t\t\t<div class=\"elementor-widget-wrap elementor-element-populated\">\n\t\t\t\t\t\t\t\t<div class=\"elementor-element elementor-element-22fe606 elementor-widget elementor-widget-image\" data-id=\"22fe606\" data-element_type=\"widget\" data-widget_type=\"image.default\">\n\t\t\t\t<div class=\"elementor-widget-container\">\n\t\t\t<style>\/*! elementor - v3.10.2 - 29-01-2023 *\/\n.elementor-widget-image{text-align:center}.elementor-widget-image a{display:inline-block}.elementor-widget-image a img[src$=\".svg\"]{width:48px}.elementor-widget-image img{vertical-align:middle;display:inline-block}<\/style>\t\t\t\t\t\t\t\t\t<figure class=\"wp-caption\">\n\t\t\t\t\t\t\t\t\t\t<img decoding=\"async\" width=\"1024\" height=\"684\" src=\"http:\/\/waclawgolonka.pl\/wp-content\/uploads\/2022\/03\/fot.-Wojciech-Mateusiak-24-of-41-1024x684.jpg\" class=\"attachment-large size-large wp-image-29\" alt=\"\" loading=\"lazy\" srcset=\"http:\/\/waclawgolonka.pl\/wp-content\/uploads\/2022\/03\/fot.-Wojciech-Mateusiak-24-of-41-1024x684.jpg 1024w, http:\/\/waclawgolonka.pl\/wp-content\/uploads\/2022\/03\/fot.-Wojciech-Mateusiak-24-of-41-300x200.jpg 300w, http:\/\/waclawgolonka.pl\/wp-content\/uploads\/2022\/03\/fot.-Wojciech-Mateusiak-24-of-41-768x513.jpg 768w, http:\/\/waclawgolonka.pl\/wp-content\/uploads\/2022\/03\/fot.-Wojciech-Mateusiak-24-of-41-1536x1025.jpg 1536w, http:\/\/waclawgolonka.pl\/wp-content\/uploads\/2022\/03\/fot.-Wojciech-Mateusiak-24-of-41-2048x1367.jpg 2048w, http:\/\/waclawgolonka.pl\/wp-content\/uploads\/2022\/03\/fot.-Wojciech-Mateusiak-24-of-41.jpg 1600w\" sizes=\"(max-width: 1024px) 100vw, 1024px\" \/>\t\t\t\t\t\t\t\t\t\t\t<figcaption class=\"widget-image-caption wp-caption-text\">fot. Wojciech Mateusiak<\/figcaption>\n\t\t\t\t\t\t\t\t\t\t<\/figure>\n\t\t\t\t\t\t\t\t\t<\/div>\n\t\t\t\t<\/div>\n\t\t\t\t<div class=\"elementor-element elementor-element-2a8ece8 elementor-widget elementor-widget-button\" data-id=\"2a8ece8\" data-element_type=\"widget\" data-widget_type=\"button.default\">\n\t\t\t\t<div class=\"elementor-widget-container\">\n\t\t\t\t\t<div class=\"elementor-button-wrapper\">\n\t\t\t<a href=\"http:\/\/waclawgolonka.pl\/wp-content\/uploads\/2023\/03\/Waclaw_DE.pdf\" class=\"elementor-button-link elementor-button elementor-size-sm\" role=\"button\">\n\t\t\t\t\t\t<span class=\"elementor-button-content-wrapper\">\n\t\t\t\t\t\t<span class=\"elementor-button-text\">Lebenslauf PDF<\/span>\n\t\t<\/span>\n\t\t\t\t\t<\/a>\n\t\t<\/div>\n\t\t\t\t<\/div>\n\t\t\t\t<\/div>\n\t\t\t\t<div class=\"elementor-element elementor-element-2343793 elementor-widget elementor-widget-text-editor\" data-id=\"2343793\" data-element_type=\"widget\" data-widget_type=\"text-editor.default\">\n\t\t\t\t<div class=\"elementor-widget-container\">\n\t\t\t<style>\/*! elementor - v3.10.2 - 29-01-2023 *\/\n.elementor-widget-text-editor.elementor-drop-cap-view-stacked .elementor-drop-cap{background-color:#818a91;color:#fff}.elementor-widget-text-editor.elementor-drop-cap-view-framed .elementor-drop-cap{color:#818a91;border:3px solid;background-color:transparent}.elementor-widget-text-editor:not(.elementor-drop-cap-view-default) .elementor-drop-cap{margin-top:8px}.elementor-widget-text-editor:not(.elementor-drop-cap-view-default) .elementor-drop-cap-letter{width:1em;height:1em}.elementor-widget-text-editor .elementor-drop-cap{float:left;text-align:center;line-height:1;font-size:50px}.elementor-widget-text-editor .elementor-drop-cap-letter{display:inline-block}<\/style>\t\t\t\t\t\t\t\t\t\t<\/div>\n\t\t\t\t<\/div>\n\t\t\t\t\t<\/div>\n\t\t<\/div>\n\t\t\t\t<div class=\"elementor-column elementor-col-66 elementor-top-column elementor-element elementor-element-f7231af\" data-id=\"f7231af\" data-element_type=\"column\">\n\t\t\t<div class=\"elementor-widget-wrap elementor-element-populated\">\n\t\t\t\t\t\t\t\t<div class=\"elementor-element elementor-element-1f09850 elementor-widget elementor-widget-text-editor\" data-id=\"1f09850\" data-element_type=\"widget\" data-widget_type=\"text-editor.default\">\n\t\t\t\t<div class=\"elementor-widget-container\">\n\t\t\t\t\t\t\t<p><strong>Prof. Dr. habil. Wac\u0142aw Golonka \u2013 Organist, Kammermusiker, Komponist<\/strong><\/p><p>Seine musikalische Ausbildung erhielt er an der Musikakademie in Krakau und der Hochschule f\u00fcr Musik und Darstellende Kunst in Wien unter Prof. Hans Haselb\u00f6ck. Er erhielt seine Diplome im Orgelspiel mit Auszeichnung. Er ist\u00a0 Preistr\u00e4ger von Orgelwettbewerben in Prag (2. Preis), N\u00fcrnberg (3. Preis) und Pretoria, wo er neben dem ersten Preis drei Auszeichnungen erhielt.\u00a0<\/p><p>Seit vielen Jahren nimmt er intensiv an Konzerten teil, nicht nur in vielen europ\u00e4ischen L\u00e4ndern, sondern auch in Asien, Nordamerika und Afrika (Namibia und S\u00fcdafrika, wo er dreimal <br \/>auf Tournee war). Zu den wichtigsten Orten seiner k\u00fcnstlerischen T\u00e4tigkeit z\u00e4hlen die Kathedralen <br \/>in: Chartres, Kaliningrad, Lausanne, Gda\u0144sk-Oliwa, Utrecht, Wien, Sainte-Clotilde basilica in Paris, Konzerts\u00e4le der Nationalen Philharmonie in Warschau, Berliner Philharmonie, Cape Town Philharmony, Buxter Concert Hall, UNISA in Pretoria, Nottingam Albert Hall, Meistersingerhalle <br \/>in N\u00fcrnberg, Cleveland Museum of Art, das \u00f6sterreichische Radio ORF in Wien, das slowakische <br \/>Radio in Bratislava und mehrmals in Prag. Wac\u0142aw Golonka trat als Solist mit dem Radio Philharmony Orchestra in Pretoria, dem Cape Town\u00a0 Philharmonic Orchestra, der Philharmonie in Bydgoszcz, Br\u00fcnn, dem Prager FOK, dem Concerto Avenna, dem Kammerorchester aus Bielsko, Capella Cracoviensis und dem schlesischen Kammerorchester auf.<\/p><p>Er hat Pawe\u0142 \u0141ukaszewskis Orgelkonzert mit dem Concerto Avenna Orchester aufgenommen. Die Aufnahme wurde in einem Album mit den Kompositionen des Konzertautors aufgenommen, <br \/>das 2008 mit dem Fryderyk \u2013 Preis ausgezeichnet wurde. Er hat viele Aufnahmen f\u00fcr Fernseh- und Radiosender gemacht. Seine Aufnahme f\u00fcr TV Polonia illustrierte die Filmreihe Polnische Madonnas (Madonny Polskie), und 1998 drehte TV Katowice einen Film \u00fcber seine T\u00e4tigkeit mit dem Titel: Klang- und Raummusik (Muzyka d\u017awi\u0119ku i przestrzeni) Aufnahmen des tschechischen Rundfunks werden im europ\u00e4ischen EBU-Netz pr\u00e4sentiert. Das tschechische Radio hat auch Aufnahmen f\u00fcr CDs gemacht. Er hat f\u00fcr das niederl\u00e4ndische Radio Hilversum, den deutschen Bayerischen Rundfunk, den \u00f6sterreichischen ORF, das Radio Vatikan, das slowakische Radio und das tschechische Fernsehen Aufnahmen gemacht. Als Kammermusiker arbeitet er mit vielen K\u00fcnstlern zusammen und pr\u00e4sentiert Musik aller Epochen und Stile. Er ist Autor der CD-Aufnahme und des Buches Sigfrid Karg-Elert (1877\u20131933) \u2013 im Element des Klangkolorismus.<\/p><p>Er ist Initiator und Direktor des Artem cameralem promovere Orgel- und Kammermusikwettbewerbs in Mielec sowie Organisator des Lux Organi &#8211; Wettbewerbs f\u00fcr junge Organisten in Chorz\u00f3w. Er ist in vielen akademischen Zentren in Polen, in der Tschechischen Republik und in Deutschland, aber auch als Juror bei Orgelwettbewerben t\u00e4tig. Er ist Professor an seiner Alma Mater, der K. Penderecki Musikakademie in Krakau und f\u00fchrt die Orgelklasse.<\/p><p>In den Jahren 2016-2020 arbeitete er an der Sammlung Unbekannter religi\u00f6ser Lieder des Landkreises Berun\u2013 Lendzin (Bieru\u0144-L\u0119dziny) und der Woiwodschaft Schlesien, was mit der Sammlung, Harmonisierung, Komposition von Postludien, Ver\u00f6ffentlichung und Aufnahme von Liedern und Postludien verbunden war. Marcin Wolak (Bass) nahm an der Aufnahme teil und das gesamte Projekt wurde von der Woiwodschaft Schlesien mitfinanziert. In seinem kompositorischen Schaffen hat er auch andere Werke, zuletzt Schlesische Dichtung (Poemat \u015bl\u0105ski) \u2013 Korfanty f\u00fcr Bl\u00e4serquintett, Schlagzeug und Orgel oder Hommag\u00e8 a Lem f\u00fcr Klarinettenquintett, Bl\u00e4ser und Digitalpiano.<\/p><p>Er erweitert sein Repertoire immer noch, indem er Urauff\u00fchrungen und Aufnahmen neuer Orgel- und Orgelkammerwerke macht, die ihm oder den K\u00fcnstlern gewidmet sind, mit denen er zusammenarbeitet..<\/p>\t\t\t\t\t\t<\/div>\n\t\t\t\t<\/div>\n\t\t\t\t\t<\/div>\n\t\t<\/div>\n\t\t\t\t\t\t\t<\/div>\n\t\t<\/section>\n\t\t\t\t\t\t\t<\/div>\n\t\t","protected":false},"excerpt":{"rendered":"<p>fot. Wojciech Mateusiak Lebenslauf PDF Prof. Dr. habil. Wac\u0142aw Golonka \u2013 Organist, Kammermusiker, Komponist Seine musikalische Ausbildung erhielt er an der Musikakademie in Krakau und der Hochschule f\u00fcr Musik und Darstellende Kunst in Wien unter Prof. Hans Haselb\u00f6ck. Er erhielt seine Diplome im Orgelspiel mit Auszeichnung. Er ist\u00a0 Preistr\u00e4ger von Orgelwettbewerben in Prag (2. Preis), &hellip;<\/p>\n<p class=\"read-more\"> <a class=\"\" href=\"http:\/\/waclawgolonka.pl\/index.php\/de\/vi\/\"> <span class=\"screen-reader-text\">Lebenslauf<\/span> Read More &raquo;<\/a><\/p>\n","protected":false},"author":1,"featured_media":0,"parent":0,"menu_order":0,"comment_status":"closed","ping_status":"closed","template":"","meta":{"site-sidebar-layout":"no-sidebar","site-content-layout":"page-builder","ast-global-header-display":"","ast-main-header-display":"","ast-hfb-above-header-display":"","ast-hfb-below-header-display":"","ast-hfb-mobile-header-display":"","site-post-title":"disabled","ast-breadcrumbs-content":"","ast-featured-img":"disabled","footer-sml-layout":"","theme-transparent-header-meta":"","adv-header-id-meta":"","stick-header-meta":"","header-above-stick-meta":"","header-main-stick-meta":"","header-below-stick-meta":""},"_links":{"self":[{"href":"http:\/\/waclawgolonka.pl\/index.php\/wp-json\/wp\/v2\/pages\/485"}],"collection":[{"href":"http:\/\/waclawgolonka.pl\/index.php\/wp-json\/wp\/v2\/pages"}],"about":[{"href":"http:\/\/waclawgolonka.pl\/index.php\/wp-json\/wp\/v2\/types\/page"}],"author":[{"embeddable":true,"href":"http:\/\/waclawgolonka.pl\/index.php\/wp-json\/wp\/v2\/users\/1"}],"replies":[{"embeddable":true,"href":"http:\/\/waclawgolonka.pl\/index.php\/wp-json\/wp\/v2\/comments?post=485"}],"version-history":[{"count":12,"href":"http:\/\/waclawgolonka.pl\/index.php\/wp-json\/wp\/v2\/pages\/485\/revisions"}],"predecessor-version":[{"id":617,"href":"http:\/\/waclawgolonka.pl\/index.php\/wp-json\/wp\/v2\/pages\/485\/revisions\/617"}],"wp:attachment":[{"href":"http:\/\/waclawgolonka.pl\/index.php\/wp-json\/wp\/v2\/media?parent=485"}],"curies":[{"name":"wp","href":"https:\/\/api.w.org\/{rel}","templated":true}]}}